{"id":1637,"date":"2025-01-10T12:55:41","date_gmt":"2025-01-10T11:55:41","guid":{"rendered":"https:\/\/www.let-it-worxx.de\/?page_id=1637"},"modified":"2025-11-03T12:18:03","modified_gmt":"2025-11-03T11:18:03","slug":"virtualisierung","status":"publish","type":"page","link":"https:\/\/www.let-it-worxx.de\/?page_id=1637","title":{"rendered":"Virtualisierung"},"content":{"rendered":"\t\t<div data-elementor-type=\"wp-page\" data-elementor-id=\"1637\" class=\"elementor elementor-1637\" data-elementor-post-type=\"page\">\n\t\t\t\t<div class=\"elementor-element elementor-element-dd66c14 e-flex e-con-boxed e-con e-parent\" data-id=\"dd66c14\" data-element_type=\"container\" data-e-type=\"container\" data-settings=\"{&quot;background_background&quot;:&quot;classic&quot;}\">\n\t\t\t\t\t<div class=\"e-con-inner\">\n\t\t\t\t<div class=\"elementor-element elementor-element-38b2813 elementor--h-position-center elementor--v-position-middle elementor-arrows-position-inside elementor-pagination-position-inside elementor-widget elementor-widget-slides\" data-id=\"38b2813\" data-element_type=\"widget\" data-e-type=\"widget\" data-settings=\"{&quot;navigation&quot;:&quot;both&quot;,&quot;autoplay&quot;:&quot;yes&quot;,&quot;pause_on_hover&quot;:&quot;yes&quot;,&quot;pause_on_interaction&quot;:&quot;yes&quot;,&quot;autoplay_speed&quot;:5000,&quot;infinite&quot;:&quot;yes&quot;,&quot;transition&quot;:&quot;slide&quot;,&quot;transition_speed&quot;:500}\" data-widget_type=\"slides.default\">\n\t\t\t\t<div class=\"elementor-widget-container\">\n\t\t\t\t\t\t\t\t\t<div class=\"elementor-swiper\">\n\t\t\t\t\t<div class=\"elementor-slides-wrapper elementor-main-swiper swiper\" role=\"region\" aria-roledescription=\"carousel\" aria-label=\"Slider\" dir=\"ltr\" data-animation=\"fadeInUp\">\n\t\t\t\t<div class=\"swiper-wrapper elementor-slides\">\n\t\t\t\t\t\t\t\t\t\t<div class=\"elementor-repeater-item-0545027 swiper-slide\" role=\"group\" aria-roledescription=\"slide\"><div class=\"swiper-slide-bg\"><\/div><div class=\"swiper-slide-inner\" ><div class=\"swiper-slide-contents\"><div class=\"elementor-slide-heading\">VMware, Proxmox & Hyper-V<\/div><div class=\"elementor-slide-description\">VMware \u2013 Professionelle Virtualisierung f\u00fcr h\u00f6chste Anspr\u00fcche in Unternehmen.\n<p>Proxmox \u2013 Flexible Open-Source-Plattform f\u00fcr Server- und Container-Virtualisierung.\n\nHyper-V \u2013 Microsofts L\u00f6sung f\u00fcr nahtlose Virtualisierung in Windows-Umgebungen.<\/div><\/div><\/div><\/div><div class=\"elementor-repeater-item-f931338 swiper-slide\" role=\"group\" aria-roledescription=\"slide\"><div class=\"swiper-slide-bg\"><\/div><div class=\"swiper-slide-inner\" ><div class=\"swiper-slide-contents\"><div class=\"elementor-slide-heading\">Ressourcenoptimierung<\/div><div class=\"elementor-slide-description\"> - IT-Ressourcen effizient nutzen \n<p> - Kosten senken, Leistung steigern\n<p> - Maximale Effizienz f\u00fcr Ihre Server, Clients und Infrastruktur\n<p> - Optimierte Systeme f\u00fcr maximale Performance\n<p> - Intelligent skalieren statt \u00fcberdimensionieren<\/div><\/div><\/div><\/div><div class=\"elementor-repeater-item-ad311b4 swiper-slide\" role=\"group\" aria-roledescription=\"slide\"><div class=\"swiper-slide-bg\"><\/div><div class=\"swiper-slide-inner\" ><div class=\"swiper-slide-contents\"><div class=\"elementor-slide-heading\">Snapshot- & Backup-Strategien<\/div><div class=\"elementor-slide-description\"> - Daten sch\u00fctzen. Risiken minimieren. Wiederherstellen in Sekunden.\n<p> - Snapshots & Backups \u2013 Ihre digitale R\u00fcckversicherung\n<p> - Schnelle Wiederherstellung. Maximale Ausfallsicherheit.<\/div><\/div><\/div><\/div><div class=\"elementor-repeater-item-a0176af swiper-slide\" role=\"group\" aria-roledescription=\"slide\"><div class=\"swiper-slide-bg\"><\/div><div class=\"swiper-slide-inner\" ><div class=\"swiper-slide-contents\"><div class=\"elementor-slide-heading\">Mandantenf\u00e4higkeit<\/div><div class=\"elementor-slide-description\">- Mandantenf\u00e4hig. Flexibel. Zukunftssicher.\n<p> - Eine L\u00f6sung f\u00fcr viele Nutzer - klar getrennt, zentral verwaltet\n<p> - IT-Infrastruktur mit Struktur - mandantenf\u00e4hig und skalierbar<\/div><\/div><\/div><\/div><div class=\"elementor-repeater-item-7adc9ef swiper-slide\" role=\"group\" aria-roledescription=\"slide\"><div class=\"swiper-slide-bg\"><\/div><div class=\"swiper-slide-inner\" ><div class=\"swiper-slide-contents\"><div class=\"elementor-slide-heading\">Live-Migration<\/div><div class=\"elementor-slide-description\">- Live-Migration: Systeme verschieben, Betrieb sichern\n<p> - Virtuelle Maschinen im laufenden Betrieb verschieben<p> - \nFlexibel skalieren \u2013 mit unterbrechungsfreier Migration<\/div><\/div><\/div><\/div>\t\t\t\t<\/div>\n\t\t\t\t\t\t\t\t\t\t\t\t\t\t\t<div class=\"elementor-swiper-button elementor-swiper-button-prev\" role=\"button\" tabindex=\"0\" aria-label=\"Vorheriger Slide\">\n\t\t\t\t\t\t\t<svg aria-hidden=\"true\" class=\"e-font-icon-svg e-eicon-chevron-left\" viewBox=\"0 0 1000 1000\" xmlns=\"http:\/\/www.w3.org\/2000\/svg\"><path d=\"M646 125C629 125 613 133 604 142L308 442C296 454 292 471 292 487 292 504 296 521 308 533L604 854C617 867 629 875 646 875 663 875 679 871 692 858 704 846 713 829 713 812 713 796 708 779 692 767L438 487 692 225C700 217 708 204 708 187 708 171 704 154 692 142 675 129 663 125 646 125Z\"><\/path><\/svg>\t\t\t\t\t\t<\/div>\n\t\t\t\t\t\t<div class=\"elementor-swiper-button elementor-swiper-button-next\" role=\"button\" tabindex=\"0\" aria-label=\"N\u00e4chster Slide\">\n\t\t\t\t\t\t\t<svg aria-hidden=\"true\" class=\"e-font-icon-svg e-eicon-chevron-right\" viewBox=\"0 0 1000 1000\" xmlns=\"http:\/\/www.w3.org\/2000\/svg\"><path d=\"M696 533C708 521 713 504 713 487 713 471 708 454 696 446L400 146C388 133 375 125 354 125 338 125 325 129 313 142 300 154 292 171 292 187 292 204 296 221 308 233L563 492 304 771C292 783 288 800 288 817 288 833 296 850 308 863 321 871 338 875 354 875 371 875 388 867 400 854L696 533Z\"><\/path><\/svg>\t\t\t\t\t\t<\/div>\n\t\t\t\t\t\t\t\t\t\t\t\t\t\t\t\t<div class=\"swiper-pagination\"><\/div>\n\t\t\t\t\t\t\t\t\t\t\t\t<\/div>\n\t\t\t\t<\/div>\n\t\t\t\t\t\t\t\t<\/div>\n\t\t\t\t<\/div>\n\t\t\t\t\t<\/div>\n\t\t\t\t<\/div>\n\t\t\t\t<\/div>\n\t\t","protected":false},"excerpt":{"rendered":"<p>VMware, Proxmox &#038; Hyper-VVMware \u2013 Professionelle Virtualisierung f\u00fcr h\u00f6chste Anspr\u00fcche in Unternehmen. Proxmox \u2013 Flexible Open-Source-Plattform f\u00fcr Server- und Container-Virtualisierung. Hyper-V \u2013 Microsofts L\u00f6sung f\u00fcr nahtlose Virtualisierung in Windows-Umgebungen.Ressourcenoptimierung &#8211; IT-Ressourcen effizient nutzen &#8211; Kosten senken, Leistung steigern &#8211; Maximale Effizienz f\u00fcr Ihre Server, Clients und Infrastruktur &#8211; Optimierte Systeme f\u00fcr maximale Performance &#8211; Intelligent [&hellip;]<\/p>\n","protected":false},"author":1,"featured_media":0,"parent":0,"menu_order":0,"comment_status":"closed","ping_status":"closed","template":"","meta":{"footnotes":""},"class_list":["post-1637","page","type-page","status-publish","hentry"],"featured_media_urls":[],"_links":{"self":[{"href":"https:\/\/www.let-it-worxx.de\/index.php?rest_route=\/wp\/v2\/pages\/1637","targetHints":{"allow":["GET"]}}],"collection":[{"href":"https:\/\/www.let-it-worxx.de\/index.php?rest_route=\/wp\/v2\/pages"}],"about":[{"href":"https:\/\/www.let-it-worxx.de\/index.php?rest_route=\/wp\/v2\/types\/page"}],"author":[{"embeddable":true,"href":"https:\/\/www.let-it-worxx.de\/index.php?rest_route=\/wp\/v2\/users\/1"}],"replies":[{"embeddable":true,"href":"https:\/\/www.let-it-worxx.de\/index.php?rest_route=%2Fwp%2Fv2%2Fcomments&post=1637"}],"version-history":[{"count":94,"href":"https:\/\/www.let-it-worxx.de\/index.php?rest_route=\/wp\/v2\/pages\/1637\/revisions"}],"predecessor-version":[{"id":2341,"href":"https:\/\/www.let-it-worxx.de\/index.php?rest_route=\/wp\/v2\/pages\/1637\/revisions\/2341"}],"wp:attachment":[{"href":"https:\/\/www.let-it-worxx.de\/index.php?rest_route=%2Fwp%2Fv2%2Fmedia&parent=1637"}],"curies":[{"name":"wp","href":"https:\/\/api.w.org\/{rel}","templated":true}]}}