{"id":1634,"date":"2025-01-10T12:55:39","date_gmt":"2025-01-10T11:55:39","guid":{"rendered":"https:\/\/www.let-it-worxx.de\/?page_id=1634"},"modified":"2025-01-12T14:32:30","modified_gmt":"2025-01-12T13:32:30","slug":"leistungen","status":"publish","type":"page","link":"https:\/\/www.let-it-worxx.de\/?page_id=1634","title":{"rendered":"Leistungen"},"content":{"rendered":"\t\t<div data-elementor-type=\"wp-page\" data-elementor-id=\"1634\" class=\"elementor elementor-1634\" data-elementor-post-type=\"page\">\n\t\t\t\t<div class=\"elementor-element elementor-element-2c09817 e-con-full e-flex e-con e-parent\" data-id=\"2c09817\" data-element_type=\"container\" data-e-type=\"container\">\n\t\t\t\t<div class=\"elementor-element elementor-element-2803bef elementor--h-position-center elementor--v-position-middle elementor-arrows-position-inside elementor-pagination-position-inside elementor-widget elementor-widget-slides\" data-id=\"2803bef\" data-element_type=\"widget\" data-e-type=\"widget\" data-settings=\"{&quot;transition&quot;:&quot;fade&quot;,&quot;transition_speed&quot;:700,&quot;navigation&quot;:&quot;both&quot;,&quot;autoplay&quot;:&quot;yes&quot;,&quot;pause_on_interaction&quot;:&quot;yes&quot;,&quot;autoplay_speed&quot;:5000,&quot;infinite&quot;:&quot;yes&quot;}\" data-widget_type=\"slides.default\">\n\t\t\t\t<div class=\"elementor-widget-container\">\n\t\t\t\t\t\t\t\t\t<div class=\"elementor-swiper\">\n\t\t\t\t\t<div class=\"elementor-slides-wrapper elementor-main-swiper swiper\" role=\"region\" aria-roledescription=\"carousel\" aria-label=\"L\u00f6sungen\" dir=\"ltr\" data-animation=\"zoomIn\">\n\t\t\t\t<div class=\"swiper-wrapper elementor-slides\">\n\t\t\t\t\t\t\t\t\t\t<div class=\"elementor-repeater-item-08e7c90 swiper-slide\" role=\"group\" aria-roledescription=\"slide\"><div class=\"swiper-slide-bg elementor-ken-burns elementor-ken-burns--in\" role=\"img\" aria-label=\"team-3373638_1920\"><\/div><div class=\"elementor-background-overlay\"><\/div><div class=\"swiper-slide-inner\" ><div class=\"swiper-slide-contents\"><div class=\"elementor-slide-heading\">IT-Beratung<\/div><div class=\"elementor-slide-description\">Mit ma\u00dfgeschneiderten L\u00f6sungen optimieren wir Ihre IT-Infrastruktur, steigern die Produktivit\u00e4t und sichern langfristigen Erfolg in der digitalen Welt.<\/div><a href=\"?page_id=1665\" class=\"elementor-button elementor-slide-button elementor-size-xs\">Hier klicken<\/a><\/div><\/div><\/div><div class=\"elementor-repeater-item-7f98460 swiper-slide\" role=\"group\" aria-roledescription=\"slide\"><div class=\"swiper-slide-bg elementor-ken-burns elementor-ken-burns--in\" role=\"img\" aria-label=\"binary-1536651_1920\"><\/div><div class=\"elementor-background-overlay\"><\/div><div class=\"swiper-slide-inner\" ><div class=\"swiper-slide-contents\"><div class=\"elementor-slide-heading\">IT-Service<\/div><div class=\"elementor-slide-description\">Von Wartung und Support bis hin zu individuellen L\u00f6sungen \u2013 wir garantieren reibungslose Abl\u00e4ufe und maximale Effizienz f\u00fcr Ihr Unternehmen.<\/div><a href=\"?page_id=1668\" class=\"elementor-button elementor-slide-button elementor-size-xs\">Hier klicken<\/a><\/div><\/div><\/div><div class=\"elementor-repeater-item-1cd9d6d swiper-slide\" role=\"group\" aria-roledescription=\"slide\"><div class=\"swiper-slide-bg elementor-ken-burns elementor-ken-burns--in\" role=\"img\" aria-label=\"server_client_1\"><\/div><div class=\"elementor-background-overlay\"><\/div><div class=\"swiper-slide-inner\" ><div class=\"swiper-slide-contents\"><div class=\"elementor-slide-heading\">IT-Monitoring<\/div><div class=\"elementor-slide-description\"> So erkennen wir Probleme fr\u00fchzeitig und minimieren Ausfallzeiten, bevor sie Ihre Prozesse beeintr\u00e4chtigen.<\/div><a href=\"?page_id=1666\" class=\"elementor-button elementor-slide-button elementor-size-xs\">Hier klicken<\/a><\/div><\/div><\/div><div class=\"elementor-repeater-item-1ab0580 swiper-slide\" role=\"group\" aria-roledescription=\"slide\"><div class=\"swiper-slide-bg elementor-ken-burns elementor-ken-burns--in\" role=\"img\" aria-label=\"server-1235959_1920\"><\/div><div class=\"elementor-background-overlay\"><\/div><div class=\"swiper-slide-inner\" ><div class=\"swiper-slide-contents\"><div class=\"elementor-slide-heading\">Storage<\/div><div class=\"elementor-slide-description\">Mit zuverl\u00e4ssigen Systemen gew\u00e4hrleisten wir schnellen Zugriff, hohe Verf\u00fcgbarkeit und optimalen Schutz Ihrer wichtigen Informationen.<\/div><a href=\"?page_id=1636\" class=\"elementor-button elementor-slide-button elementor-size-xs\">Hier klicken<\/a><\/div><\/div><\/div><div class=\"elementor-repeater-item-de26be4 swiper-slide\" role=\"group\" aria-roledescription=\"slide\"><div class=\"swiper-slide-bg elementor-ken-burns elementor-ken-burns--in\" role=\"img\" aria-label=\"board-1364652_1920\"><\/div><div class=\"elementor-background-overlay\"><\/div><div class=\"swiper-slide-inner\" ><div class=\"swiper-slide-contents\"><div class=\"elementor-slide-heading\">Virtualisierung<\/div><div class=\"elementor-slide-description\">So reduzieren Sie Kosten, steigern die Flexibilit\u00e4t und vereinfachen das Management Ihrer Infrastruktur.<\/div><a href=\"?page_id=1637\" class=\"elementor-button elementor-slide-button elementor-size-xs\">Hier klicken<\/a><\/div><\/div><\/div><div class=\"elementor-repeater-item-28eaeab swiper-slide\" role=\"group\" aria-roledescription=\"slide\"><div class=\"swiper-slide-bg elementor-ken-burns elementor-ken-burns--in\" role=\"img\" aria-label=\"earth-3866609_1920\"><\/div><div class=\"elementor-background-overlay\"><\/div><div class=\"swiper-slide-inner\" ><div class=\"swiper-slide-contents\"><div class=\"elementor-slide-heading\">Netzwerk<\/div><div class=\"elementor-slide-description\">Wir bieten ma\u00dfgeschneiderte L\u00f6sungen, die Ihre Kommunikation optimieren und eine zuverl\u00e4ssige Daten\u00fcbertragung gew\u00e4hrleisten.<\/div><a href=\"?page_id=1638\" class=\"elementor-button elementor-slide-button elementor-size-xs\">Hier klicken<\/a><\/div><\/div><\/div>\t\t\t\t<\/div>\n\t\t\t\t\t\t\t\t\t\t\t\t\t\t\t<div class=\"elementor-swiper-button elementor-swiper-button-prev\" role=\"button\" tabindex=\"0\" aria-label=\"Vorheriger Slide\">\n\t\t\t\t\t\t\t<svg aria-hidden=\"true\" class=\"e-font-icon-svg e-eicon-chevron-left\" viewBox=\"0 0 1000 1000\" xmlns=\"http:\/\/www.w3.org\/2000\/svg\"><path d=\"M646 125C629 125 613 133 604 142L308 442C296 454 292 471 292 487 292 504 296 521 308 533L604 854C617 867 629 875 646 875 663 875 679 871 692 858 704 846 713 829 713 812 713 796 708 779 692 767L438 487 692 225C700 217 708 204 708 187 708 171 704 154 692 142 675 129 663 125 646 125Z\"><\/path><\/svg>\t\t\t\t\t\t<\/div>\n\t\t\t\t\t\t<div class=\"elementor-swiper-button elementor-swiper-button-next\" role=\"button\" tabindex=\"0\" aria-label=\"N\u00e4chster Slide\">\n\t\t\t\t\t\t\t<svg aria-hidden=\"true\" class=\"e-font-icon-svg e-eicon-chevron-right\" viewBox=\"0 0 1000 1000\" xmlns=\"http:\/\/www.w3.org\/2000\/svg\"><path d=\"M696 533C708 521 713 504 713 487 713 471 708 454 696 446L400 146C388 133 375 125 354 125 338 125 325 129 313 142 300 154 292 171 292 187 292 204 296 221 308 233L563 492 304 771C292 783 288 800 288 817 288 833 296 850 308 863 321 871 338 875 354 875 371 875 388 867 400 854L696 533Z\"><\/path><\/svg>\t\t\t\t\t\t<\/div>\n\t\t\t\t\t\t\t\t\t\t\t\t\t\t\t\t<div class=\"swiper-pagination\"><\/div>\n\t\t\t\t\t\t\t\t\t\t\t\t<\/div>\n\t\t\t\t<\/div>\n\t\t\t\t\t\t\t\t<\/div>\n\t\t\t\t<\/div>\n\t\t\t\t<\/div>\n\t\t\t\t<\/div>\n\t\t","protected":false},"excerpt":{"rendered":"<p>IT-BeratungMit ma\u00dfgeschneiderten L\u00f6sungen optimieren wir Ihre IT-Infrastruktur, steigern die Produktivit\u00e4t und sichern langfristigen Erfolg in der digitalen Welt.Hier klickenIT-ServiceVon Wartung und Support bis hin zu individuellen L\u00f6sungen \u2013 wir garantieren reibungslose Abl\u00e4ufe und maximale Effizienz f\u00fcr Ihr Unternehmen.Hier klickenIT-Monitoring So erkennen wir Probleme fr\u00fchzeitig und minimieren Ausfallzeiten, bevor sie Ihre Prozesse beeintr\u00e4chtigen.Hier klickenStorageMit zuverl\u00e4ssigen Systemen [&hellip;]<\/p>\n","protected":false},"author":1,"featured_media":0,"parent":0,"menu_order":0,"comment_status":"closed","ping_status":"closed","template":"","meta":{"footnotes":""},"class_list":["post-1634","page","type-page","status-publish","hentry"],"featured_media_urls":[],"_links":{"self":[{"href":"https:\/\/www.let-it-worxx.de\/index.php?rest_route=\/wp\/v2\/pages\/1634","targetHints":{"allow":["GET"]}}],"collection":[{"href":"https:\/\/www.let-it-worxx.de\/index.php?rest_route=\/wp\/v2\/pages"}],"about":[{"href":"https:\/\/www.let-it-worxx.de\/index.php?rest_route=\/wp\/v2\/types\/page"}],"author":[{"embeddable":true,"href":"https:\/\/www.let-it-worxx.de\/index.php?rest_route=\/wp\/v2\/users\/1"}],"replies":[{"embeddable":true,"href":"https:\/\/www.let-it-worxx.de\/index.php?rest_route=%2Fwp%2Fv2%2Fcomments&post=1634"}],"version-history":[{"count":16,"href":"https:\/\/www.let-it-worxx.de\/index.php?rest_route=\/wp\/v2\/pages\/1634\/revisions"}],"predecessor-version":[{"id":1962,"href":"https:\/\/www.let-it-worxx.de\/index.php?rest_route=\/wp\/v2\/pages\/1634\/revisions\/1962"}],"wp:attachment":[{"href":"https:\/\/www.let-it-worxx.de\/index.php?rest_route=%2Fwp%2Fv2%2Fmedia&parent=1634"}],"curies":[{"name":"wp","href":"https:\/\/api.w.org\/{rel}","templated":true}]}}