{"id":1316,"date":"2025-01-09T11:38:09","date_gmt":"2025-01-09T10:38:09","guid":{"rendered":"https:\/\/www.let-it-worxx.de\/?page_id=1316"},"modified":"2025-11-03T11:17:36","modified_gmt":"2025-11-03T10:17:36","slug":"ueber-uns-2","status":"publish","type":"page","link":"https:\/\/www.let-it-worxx.de\/?page_id=1316","title":{"rendered":"\u00dcber uns"},"content":{"rendered":"\t\t<div data-elementor-type=\"wp-page\" data-elementor-id=\"1316\" class=\"elementor elementor-1316\" data-elementor-post-type=\"page\">\n\t\t\t\t<div class=\"elementor-element elementor-element-9a00b8f e-con-full e-flex elementor-invisible e-con e-parent\" data-id=\"9a00b8f\" data-element_type=\"container\" data-e-type=\"container\" data-settings=\"{&quot;background_background&quot;:&quot;classic&quot;,&quot;animation&quot;:&quot;fadeIn&quot;}\">\n\t\t\t\t<div class=\"elementor-element elementor-element-344b72e elementor-widget elementor-widget-popularis-text-block\" data-id=\"344b72e\" data-element_type=\"widget\" data-e-type=\"widget\" data-widget_type=\"popularis-text-block.default\">\n\t\t\t\t<div class=\"elementor-widget-container\">\n\t\t\t\t\t<div class=\"popularis_extra_adv_text_block \" ><h4 class=\"text-content-block\"><h3><span style=\"color: #ffffff\"><strong>Ihr Partner f\u00fcr IT-Infrastruktur und Digitalisierung<\/strong><\/span><\/h3><p>\u00a0<\/p><p><span style=\"color: #ffffff\">Wir sind ein spezialisiertes IT-Unternehmen mit Fokus auf <strong>Netzwerk-, Server-, Storage- und Virtualisierungsl\u00f6sungen<\/strong>.<br \/>Unser Ziel ist es, Unternehmen mit ma\u00dfgeschneiderten IT-Konzepten effizient und zukunftssicher aufzustellen.<\/span><\/p><p><span style=\"color: #ffffff\">Wir begleiten Sie von der<strong> Beratung <\/strong>\u00fcber die<strong> Planung <\/strong>bis hin zur erfolgreichen<strong> Umsetzung<\/strong> Ihrer IT-Projekte \u2013 zuverl\u00e4ssig, transparent und partnerschaftlich. <br \/>F\u00fcr kleine und mittelst\u00e4ndische Unternehmen bieten wir individuelle <strong>Client-Server-L\u00f6sungen<\/strong> auf Basis von <strong>Windows<\/strong> oder <strong>Linux<\/strong>.<\/span><\/p><p><span style=\"color: #ffffff\">Ob <strong>Apache-Webserver<\/strong>, <strong>ZFS-Dateisystem<\/strong>, <strong>Mailserver<\/strong>, <strong>Datenbankl\u00f6sungen<\/strong> oder <strong>DNS-Cluster<\/strong> \u2013 wir entwickeln L\u00f6sungen, die exakt auf Ihre Anforderungen zugeschnitten sind.<\/span><\/p><p><span style=\"color: #ffffff\">Profitieren Sie von unserem Know-how und unserer langj\u00e4hrigen Erfahrung. Gemeinsam bringen wir Ihre IT auf das n\u00e4chste Level.<\/span><\/p><\/div><\/h4>\t\t\t\t<\/div>\n\t\t\t\t<\/div>\n\t\t\t\t<\/div>\n\t\t\t\t<\/div>\n\t\t","protected":false},"excerpt":{"rendered":"<p>Ihr Partner f\u00fcr IT-Infrastruktur und Digitalisierung \u00a0 Wir sind ein spezialisiertes IT-Unternehmen mit Fokus auf Netzwerk-, Server-, Storage- und Virtualisierungsl\u00f6sungen.Unser Ziel ist es, Unternehmen mit ma\u00dfgeschneiderten IT-Konzepten effizient und zukunftssicher aufzustellen. Wir begleiten Sie von der Beratung \u00fcber die Planung bis hin zur erfolgreichen Umsetzung Ihrer IT-Projekte \u2013 zuverl\u00e4ssig, transparent und partnerschaftlich. F\u00fcr kleine und [&hellip;]<\/p>\n","protected":false},"author":1,"featured_media":53,"parent":0,"menu_order":1,"comment_status":"closed","ping_status":"closed","template":"","meta":{"footnotes":""},"class_list":["post-1316","page","type-page","status-publish","has-post-thumbnail","hentry"],"featured_media_urls":{"thumbnail":["https:\/\/www.let-it-worxx.de\/wp-content\/uploads\/2025\/01\/team-3373638_1920-150x150.webp",150,150,true],"medium":["https:\/\/www.let-it-worxx.de\/wp-content\/uploads\/2025\/01\/team-3373638_1920-300x196.webp",300,196,true],"medium_large":["https:\/\/www.let-it-worxx.de\/wp-content\/uploads\/2025\/01\/team-3373638_1920-768x502.webp",768,502,true],"large":["https:\/\/www.let-it-worxx.de\/wp-content\/uploads\/2025\/01\/team-3373638_1920-1024x669.webp",1024,669,true],"1536x1536":["https:\/\/www.let-it-worxx.de\/wp-content\/uploads\/2025\/01\/team-3373638_1920-1536x1004.webp",1536,1004,true],"2048x2048":["https:\/\/www.let-it-worxx.de\/wp-content\/uploads\/2025\/01\/team-3373638_1920.webp",1920,1255,false],"portfolio_item-thumbnail":["https:\/\/www.let-it-worxx.de\/wp-content\/uploads\/2025\/01\/team-3373638_1920.webp",600,392,false],"portfolio_item-thumbnail@2x":["https:\/\/www.let-it-worxx.de\/wp-content\/uploads\/2025\/01\/team-3373638_1920.webp",1200,784,false],"portfolio_item-masonry":["https:\/\/www.let-it-worxx.de\/wp-content\/uploads\/2025\/01\/team-3373638_1920.webp",600,392,false],"portfolio_item-masonry@2x":["https:\/\/www.let-it-worxx.de\/wp-content\/uploads\/2025\/01\/team-3373638_1920.webp",1200,784,false],"portfolio_item-thumbnail_cinema":["https:\/\/www.let-it-worxx.de\/wp-content\/uploads\/2025\/01\/team-3373638_1920.webp",513,335,false],"portfolio_item-thumbnail_portrait":["https:\/\/www.let-it-worxx.de\/wp-content\/uploads\/2025\/01\/team-3373638_1920.webp",600,392,false],"portfolio_item-thumbnail_portrait@2x":["https:\/\/www.let-it-worxx.de\/wp-content\/uploads\/2025\/01\/team-3373638_1920.webp",1200,784,false],"portfolio_item-thumbnail_square":["https:\/\/www.let-it-worxx.de\/wp-content\/uploads\/2025\/01\/team-3373638_1920.webp",800,523,false]},"_links":{"self":[{"href":"https:\/\/www.let-it-worxx.de\/index.php?rest_route=\/wp\/v2\/pages\/1316","targetHints":{"allow":["GET"]}}],"collection":[{"href":"https:\/\/www.let-it-worxx.de\/index.php?rest_route=\/wp\/v2\/pages"}],"about":[{"href":"https:\/\/www.let-it-worxx.de\/index.php?rest_route=\/wp\/v2\/types\/page"}],"author":[{"embeddable":true,"href":"https:\/\/www.let-it-worxx.de\/index.php?rest_route=\/wp\/v2\/users\/1"}],"replies":[{"embeddable":true,"href":"https:\/\/www.let-it-worxx.de\/index.php?rest_route=%2Fwp%2Fv2%2Fcomments&post=1316"}],"version-history":[{"count":200,"href":"https:\/\/www.let-it-worxx.de\/index.php?rest_route=\/wp\/v2\/pages\/1316\/revisions"}],"predecessor-version":[{"id":2259,"href":"https:\/\/www.let-it-worxx.de\/index.php?rest_route=\/wp\/v2\/pages\/1316\/revisions\/2259"}],"wp:featuredmedia":[{"embeddable":true,"href":"https:\/\/www.let-it-worxx.de\/index.php?rest_route=\/wp\/v2\/media\/53"}],"wp:attachment":[{"href":"https:\/\/www.let-it-worxx.de\/index.php?rest_route=%2Fwp%2Fv2%2Fmedia&parent=1316"}],"curies":[{"name":"wp","href":"https:\/\/api.w.org\/{rel}","templated":true}]}}